{"id":439,"date":"2026-04-22T18:44:08","date_gmt":"2026-04-22T18:44:08","guid":{"rendered":"https:\/\/emotionsdouces.fr\/?page_id=439"},"modified":"2026-04-22T19:56:15","modified_gmt":"2026-04-22T19:56:15","slug":"parapente","status":"publish","type":"page","link":"https:\/\/emotionsdouces.fr\/index.php\/parapente\/","title":{"rendered":"Parapente"},"content":{"rendered":"\t\t<div data-elementor-type=\"wp-page\" data-elementor-id=\"439\" class=\"elementor elementor-439\">\n\t\t\t\t<div class=\"elementor-element elementor-element-20f91b2 e-flex e-con-boxed e-con e-parent\" data-id=\"20f91b2\" data-element_type=\"container\" data-e-type=\"container\">\n\t\t\t\t\t<div class=\"e-con-inner\">\n\t\t\t\t<div class=\"elementor-element elementor-element-c700fd5 elementor-widget elementor-widget-heading\" data-id=\"c700fd5\" data-element_type=\"widget\" data-e-type=\"widget\" data-widget_type=\"heading.default\">\n\t\t\t\t\t<h2 class=\"elementor-heading-title elementor-size-default\">Parapente<\/h2>\t\t\t\t<\/div>\n\t\t\t\t\t<\/div>\n\t\t\t\t<\/div>\n\t\t<div class=\"elementor-element elementor-element-1965173 e-grid e-con-boxed e-con e-parent\" data-id=\"1965173\" data-element_type=\"container\" data-e-type=\"container\">\n\t\t\t\t\t<div class=\"e-con-inner\">\n\t\t<div class=\"elementor-element elementor-element-34fcd47 e-con-full e-flex e-con e-child\" data-id=\"34fcd47\" data-element_type=\"container\" data-e-type=\"container\">\n\t\t\t\t<\/div>\n\t\t\t\t<div class=\"elementor-element elementor-element-f9c7229 elementor-widget elementor-widget-text-editor\" data-id=\"f9c7229\" data-element_type=\"widget\" data-e-type=\"widget\" data-widget_type=\"text-editor.default\">\n\t\t\t\t\t\t\t\t\t<p class=\"mobile-undersized-upper\"><span class=\"\">Quoi de plus grisant que de, tout en pilotant d&#8217;une main en subtil \u00e9quilibre dynamique dans le vent , caresser de l&#8217;autre main les myrtilles, la neige, le sable !! <\/span><\/p><p class=\"mobile-undersized-upper\"><span class=\"\">Quoi de plus fantastique que d&#8217;apprivoiser les ascendances thermiques en tournoyant dedans tel un rapace humain, gagner de la hauteur parfois centim\u00e8tres par centim\u00e8tres pour ensuite s&#8217;\u00e9lever jusqu&#8217;\u00e0 des milliers et des centaines de m\u00e8tres o\u00f9, glissant de nuages en nuages, vous pouvez entreprendre de v\u00e9ritables promenades a\u00e9riennes (record de distance des Vosges : 304 kms le 22\/4\/21 par Benoit PERRIN !) \u00e0 la seule force des lois naturelles dans un silence spirituel !! <\/span><\/p><p class=\"mobile-undersized-upper\"><span class=\"\">Quoi de plus jouissif que de se promener en montagne, objectif le sommet du coin, les pieds cal\u00e9s dans des chaussures, sur des raquettes ou sur des skis, avec dans son ruck sac quelques grammes de camembert, quelques d\u00e9cilitres de bi\u00e8re et\u00a0 quelques centigrammes de tissu color\u00e9 (entre 1 et 4 kgs pour les mod\u00e8les parapente montagne avec sellette string ) &#8230;.. Arriv\u00e9 o sommet, fiesta visuelle et gustative puis vous d\u00e9ployez religieusement votre parapente et vous survolez sans la moindre goutte de sueur votre itin\u00e9raire terrestre !!\u00a0 <\/span><\/p><p class=\"mobile-undersized-upper\"><span class=\"\">Trois formes\u00a0 interconnectables de Bonh&#8217;air que seul le parapente peut vous offrir, mais attention, qui demande beaucoup de technicit\u00e9, de rigueur et de mental !! Savoir renoncer quand l&#8217;a\u00e9rologie est inadapt\u00e9e n&#8217;est pas la chose la plus facile, surtout apr\u00e8s plusieurs heures d&#8217;approche !!<\/span><\/p>\t\t\t\t\t\t\t\t<\/div>\n\t\t\t\t\t<\/div>\n\t\t\t\t<\/div>\n\t\t<div class=\"elementor-element elementor-element-e6a201f e-flex e-con-boxed e-con e-parent\" data-id=\"e6a201f\" data-element_type=\"container\" data-e-type=\"container\">\n\t\t\t\t\t<div class=\"e-con-inner\">\n\t\t\t\t<div class=\"elementor-element elementor-element-3db6849 elementor-widget-divider--view-line elementor-widget elementor-widget-divider\" data-id=\"3db6849\" data-element_type=\"widget\" data-e-type=\"widget\" data-widget_type=\"divider.default\">\n\t\t\t\t\t\t\t<div class=\"elementor-divider\">\n\t\t\t<span class=\"elementor-divider-separator\">\n\t\t\t\t\t\t<\/span>\n\t\t<\/div>\n\t\t\t\t\t\t<\/div>\n\t\t\t\t\t<\/div>\n\t\t\t\t<\/div>\n\t\t<div class=\"elementor-element elementor-element-0041480 e-grid e-con-boxed e-con e-parent\" data-id=\"0041480\" data-element_type=\"container\" data-e-type=\"container\">\n\t\t\t\t\t<div class=\"e-con-inner\">\n\t\t\t\t<div class=\"elementor-element elementor-element-8b4f15b elementor-widget elementor-widget-heading\" data-id=\"8b4f15b\" data-element_type=\"widget\" data-e-type=\"widget\" data-widget_type=\"heading.default\">\n\t\t\t\t\t<h2 class=\"elementor-heading-title elementor-size-default\">Apprendre \u00e0 voler<\/h2>\t\t\t\t<\/div>\n\t\t\t\t<div class=\"elementor-element elementor-element-37d4243 elementor-widget elementor-widget-text-editor\" data-id=\"37d4243\" data-element_type=\"widget\" data-e-type=\"widget\" data-widget_type=\"text-editor.default\">\n\t\t\t\t\t\t\t\t\t<p class=\"mobile-undersized-upper\"><span class=\"mobile-oversized\">Deux structures professionnelles :<\/span><\/p><p class=\"mobile-undersized-upper\"><span class=\"mobile-oversized\">&#8211;\u00a0 L&#8217;\u00e9cole Centre Ecole du Markstein \u00e0 Oderen (68 Ht Rhin) :\u00a0 \u00a0 \u00a0centreecolemarkstein.com<\/span><\/p><p class=\"mobile-undersized-upper\"><span class=\"mobile-oversized\">&#8211;\u00a0 L&#8217;\u00e9cole Cumulus \u00e9galement \u00e0 Oderen (68 Ht Rhin ) :\u00a0 \u00a0 \u00a0 \u00a0 \u00a0 \u00a0 \u00a0 cumulus-parapente.com<\/span><\/p>\t\t\t\t\t\t\t\t<\/div>\n\t\t\t\t\t<\/div>\n\t\t\t\t<\/div>\n\t\t<div class=\"elementor-element elementor-element-a45aa8e e-flex e-con-boxed e-con e-parent\" data-id=\"a45aa8e\" data-element_type=\"container\" data-e-type=\"container\">\n\t\t\t\t\t<div class=\"e-con-inner\">\n\t\t\t\t<div class=\"elementor-element elementor-element-f32580d elementor-widget-divider--view-line elementor-widget elementor-widget-divider\" data-id=\"f32580d\" data-element_type=\"widget\" data-e-type=\"widget\" data-widget_type=\"divider.default\">\n\t\t\t\t\t\t\t<div class=\"elementor-divider\">\n\t\t\t<span class=\"elementor-divider-separator\">\n\t\t\t\t\t\t<\/span>\n\t\t<\/div>\n\t\t\t\t\t\t<\/div>\n\t\t\t\t\t<\/div>\n\t\t\t\t<\/div>\n\t\t<div class=\"elementor-element elementor-element-c4f413b e-grid e-con-boxed e-con e-parent\" data-id=\"c4f413b\" data-element_type=\"container\" data-e-type=\"container\">\n\t\t\t\t\t<div class=\"e-con-inner\">\n\t\t\t\t<div class=\"elementor-element elementor-element-7795e37 elementor-widget elementor-widget-heading\" data-id=\"7795e37\" data-element_type=\"widget\" data-e-type=\"widget\" data-widget_type=\"heading.default\">\n\t\t\t\t\t<h2 class=\"elementor-heading-title elementor-size-default\">Voler en biplace<\/h2>\t\t\t\t<\/div>\n\t\t\t\t<div class=\"elementor-element elementor-element-365e650 elementor-widget elementor-widget-text-editor\" data-id=\"365e650\" data-element_type=\"widget\" data-e-type=\"widget\" data-widget_type=\"text-editor.default\">\n\t\t\t\t\t\t\t\t\t<ul><li><span class=\"mobile-oversized\">Deux structures professionnelles (obligatoire si groupe ou vols biplaces simultan\u00e9s) \u00e9voluant sur les sites du Markstein\/Gustiberg\/Schnepfenried :<\/span><ul><li class=\"mobile-undersized-upper\"><span class=\"mobile-oversized\">L&#8217;\u00e9cole Centre Ecole du Markstein \u00e0 Oderen (Haut Rhin 68) :\u00a0 \u00a0<a href=\"https:\/\/www.centreecolemarkstein.com\/\">centreecolemarkstein.com<\/a><\/span><\/li><li class=\"mobile-undersized-upper\">L&#8217;\u00e9cole Cumulus \u00e9galement \u00e0 Oderen\u00a0 \u00a0 \u00a0 <a href=\"https:\/\/cumulus-parapente.com\/\">cumulus-parapente.com<\/a><\/li><\/ul><\/li><\/ul><ul><li class=\"mobile-oversized\"><span class=\"mobile-oversized\">\u00a0 Une structure associative Munst&#8217;air Tandem Parapente \u00e9voluant sur les sites du Schnepfenried\/Gaschney (portable : 0643253349)<\/span><\/li><\/ul><p class=\"mobile-undersized-upper\"><span class=\"mobile-oversized\">\u00a0 \u00a0 \u00a0 \u00a0 <\/span><\/p>\t\t\t\t\t\t\t\t<\/div>\n\t\t\t\t\t<\/div>\n\t\t\t\t<\/div>\n\t\t<div class=\"elementor-element elementor-element-5eea343 e-flex e-con-boxed e-con e-parent\" data-id=\"5eea343\" data-element_type=\"container\" data-e-type=\"container\">\n\t\t\t\t\t<div class=\"e-con-inner\">\n\t\t\t\t<div class=\"elementor-element elementor-element-ed05af0 elementor-widget-divider--view-line elementor-widget elementor-widget-divider\" data-id=\"ed05af0\" data-element_type=\"widget\" data-e-type=\"widget\" data-widget_type=\"divider.default\">\n\t\t\t\t\t\t\t<div class=\"elementor-divider\">\n\t\t\t<span class=\"elementor-divider-separator\">\n\t\t\t\t\t\t<\/span>\n\t\t<\/div>\n\t\t\t\t\t\t<\/div>\n\t\t\t\t\t<\/div>\n\t\t\t\t<\/div>\n\t\t<div class=\"elementor-element elementor-element-97280e6 e-flex e-con-boxed e-con e-parent\" data-id=\"97280e6\" data-element_type=\"container\" data-e-type=\"container\">\n\t\t\t\t\t<div class=\"e-con-inner\">\n\t\t\t\t<div class=\"elementor-element elementor-element-6bdeb3c elementor-widget elementor-widget-text-editor\" data-id=\"6bdeb3c\" data-element_type=\"widget\" data-e-type=\"widget\" data-widget_type=\"text-editor.default\">\n\t\t\t\t\t\t\t\t\t<p class=\"mobile-undersized-upper\"><span class=\"mobile-oversized\">L\u2018activit\u00e9 \u201c Vol Biplace d\u00e9couverte du Parapente \u201d se r\u00e9alise principalement dans la vall\u00e9e de Munster. Suivant la direction et l\u2019intensit\u00e9 du vent, Le Schnepfenried (station de ski du Schnepfenried) ou Le Petit Hohneck (Station Ski du Gaschney) sera privil\u00e9gi\u00e9. Le lieu de RDV sera soit \u00e0 Sondernach (parking ,situ\u00e9 30 m \u00e0 dte apr\u00e8s le panneau de fin de village, direction Schnepfenried, juste avant un grand virage \u00e0 droite, sur ce parking, grand panneau d\u2019explication de Vol Libre), soit \u00e0 Mulbach sur Munster ( En venant de Munster, apr\u00e8s la boulangerie\/patisserie et avant l&#8217;\u00e9glise protestante en gr\u00e8s rose, prendre \u00e0 la bifurcation la direction Gaschney, 20 m\u00e8tres \u00e0 droite parking du RDV )<\/span><\/p><ul><li class=\"mobile-undersized-upper\"><span class=\"mobile-oversized\">Le pilote, Xavier Bouchon, est brevet\u00e9 Pilote depuis 1989 (n\u00b0P040098), qualifi\u00e9 Biplace depuis 20\/10\/1990, moniteur f\u00e9d\u00e9ral depuis 1992 (N\u00b01992\/11), qualifi\u00e9 Biplace Hand\u2019icare depuis 2004 (N\u00b0 H04005), en formation continue, SIV K2 biplace secours 2017,SIV K2 monoplace 2018 et 2019, stage Wagga Dune du Pyla 2019. Il exerce ces activit\u00e9s \u00e0 titre b\u00e9n\u00e9vole et est licenci\u00e9 au sein de la F\u00e9d\u00e9ration de Vol Libre (FFVL) sous la licence 2350D. L\u2019association Tandem Parapente, pr\u00e9sident Xavier BOUCHON, n\u2019est pas affili\u00e9e \u00e0 la FFVL par manque de membres licenci\u00e9s (d\u00e9cision administrative FFVL 2011) mais les diverses assurances et licences sont souscrites \u00e0 la FFVL par l\u2019interm\u00e9diaire de l\u2019association \u00ab Est&#8217;Aile \u00bb affili\u00e9e \u00e0 la FFVL sous le n\u00b0 23445, pr\u00e9sident Ga\u00ebl Devienne.<\/span><\/li><\/ul><ul><li class=\"mobile-undersized-upper\">Le prix du\u2019\u2019 Vol Biplace d\u00e9couverte\u2019\u2019 est fix\u00e9 \u00e0 40 euros par biplace + 10 euros de carte annuelle de membre de l&#8217;association + 15 euros si forfait vid\u00e9o demand\u00e9 , \u00e0 r\u00e9gler de pr\u00e9f\u00e9rence par ch\u00e8que au nom de Tandem Parapente.<br \/><br \/><\/li><li class=\"mobile-undersized-upper\"><span class=\"mobile-oversized\">Les facteurs limitatifs de l\u2019activit\u00e9 du parapente sont le vent et la visibilit\u00e9. On peut donc voler toute l\u2019ann\u00e9e m\u00eame l\u2019hiver ! Cette saison apporte des paysages grandioses, une densit\u00e9 de l\u2019air plus importante donc une dur\u00e9e de vol th\u00e9oriquement plus longue, il faut juste s\u2019\u00e9quiper contre le froid mais que d\u2019\u00e9motions\u00a0 que de d\u00e9coller en courant sur la neige ! La dur\u00e9e du vol est variable car le vol libre exploite deux sources d&#8217;\u00e9nergie: la hauteur du vol et les vents ascendants (dynamiques et thermiques). La moyenne de vol est de 13 min, (variable de 10 \u00e0 beaucoup plus selon l&#8217;importance des courants ascendants), il est donc difficile d\u2019assister au d\u00e9collage puis ensuite \u00e0 l\u2019atterrissage.\u00a0 Le poids du passager peut \u00eatre variable entre 30 et 120 kg en sachant toutefois que les petits poids n\u00e9cessiteront des conditions a\u00e9rologiques calmes (le matin ou le soir).\u00a0 Les conditions physiques se r\u00e9sument au fait d\u2019\u00eatre capable de courir sur une vingtaine de m\u00e8tres, moins si le vent est pr\u00e9sent. Il est recommand\u00e9 d\u2019\u00eatre \u00e9quip\u00e9 de chaussures montantes, jogging ou pantalon, sweat ou petite polaire et coupe-vent, \u00e9ventuellement des gants. Une combinaison de vol vous sera \u00e9ventuellement propos\u00e9e. Vous serez attach\u00e9 devant le pilote. On peut \u00eatre \u00e9ventuellement accompagn\u00e9 de son animal de compagnie pr\u00e9f\u00e9r\u00e9 pour d\u00e9stresser (suppl\u00e9ment bagage \u00e0 pr\u00e9voir comme Easyjet!) :<\/span><span class=\"mobile-oversized\">\u00a0<\/span><\/li><\/ul>\t\t\t\t\t\t\t\t<\/div>\n\t\t\t\t\t<\/div>\n\t\t\t\t<\/div>\n\t\t<div class=\"elementor-element elementor-element-d0ced51 e-grid e-con-boxed e-con e-parent\" data-id=\"d0ced51\" data-element_type=\"container\" data-e-type=\"container\">\n\t\t\t\t\t<div class=\"e-con-inner\">\n\t\t\t\t<div class=\"elementor-element elementor-element-21a38a6 elementor-widget elementor-widget-video\" data-id=\"21a38a6\" data-element_type=\"widget\" data-e-type=\"widget\" data-settings=\"{&quot;youtube_url&quot;:&quot;https:\\\/\\\/www.youtube.com\\\/watch?v=uUga4dUldWA&quot;,&quot;video_type&quot;:&quot;youtube&quot;,&quot;controls&quot;:&quot;yes&quot;}\" data-widget_type=\"video.default\">\n\t\t\t\t\t\t\t<div class=\"elementor-wrapper elementor-open-inline\">\n\t\t\t<div class=\"elementor-video\"><\/div>\t\t<\/div>\n\t\t\t\t\t\t<\/div>\n\t\t\t\t<div class=\"elementor-element elementor-element-3c27468 elementor-widget elementor-widget-text-editor\" data-id=\"3c27468\" data-element_type=\"widget\" data-e-type=\"widget\" data-widget_type=\"text-editor.default\">\n\t\t\t\t\t\t\t\t\t<p class=\"mobile-undersized-upper\"><span class=\"mobile-oversized\">Nous courons ensemble pour gonfler la voile et prendre de la vitesse. L\u2019envol s\u2019effectuera sans chute libre, n&#8217;occasionnant\u00a0 aucune acc\u00e9l\u00e9ration verticale et laissant le c\u0153ur bien \u00e0 sa place. Le vertige \u00e9tant li\u00e9 \u00e0 la verticalit\u00e9 avec un r\u00e9f\u00e9rentiel sol fixe, vous pouvez l\u2019avoir sur un escabeau mais pas en parapente. Le d\u00e9collage s\u2019effectue \u00e0 partir d\u2019une certaine vitesse (autour de 20 km\/h air), souvent vous courrez encore alors qu\u2019on est d\u00e9j\u00e0 en plein vol !!\u00a0 \u00a0 \u00a0 \u00a0 \u00a0 \u00a0 \u00a0 \u00a0 Il est autoris\u00e9 \u00e0 ce moment-l\u00e0 de hurler sa joie. L\u2019assise de la sellette est munie d\u2019une planche vous offrant le confort d\u2019un fauteuil de cin\u00e9ma 3D. En vol, vous pouvez l\u00e2cher toutes les sangles \u00e0 votre port\u00e9e de main, cela ne r\u00e9duira en rien la solidit\u00e9 du mat\u00e9riel et il est impossible de sortir de la sellette m\u00eame en cas d\u2019id\u00e9es suicidaires.<\/span><\/p>\t\t\t\t\t\t\t\t<\/div>\n\t\t\t\t\t<\/div>\n\t\t\t\t<\/div>\n\t\t<div class=\"elementor-element elementor-element-f018129 e-flex e-con-boxed e-con e-parent\" data-id=\"f018129\" data-element_type=\"container\" data-e-type=\"container\">\n\t\t\t\t\t<div class=\"e-con-inner\">\n\t\t\t\t<div class=\"elementor-element elementor-element-26f362c elementor-widget elementor-widget-text-editor\" data-id=\"26f362c\" data-element_type=\"widget\" data-e-type=\"widget\" data-widget_type=\"text-editor.default\">\n\t\t\t\t\t\t\t\t\t<p class=\"mobile-undersized-upper\"><span class=\"mobile-oversized\">Vos mains\u00a0 peuvent donc \u00eatre libres pour manipuler cam\u00e9ra, appareil photo, brossage de dents mais sans rejets car je suis juste derri\u00e8re\u00a0 ! L\u2019atterrissage se fera id\u00e9alement en position debout, la finale peut \u00eatre impressionnante car prise de vitesse maximum afin d\u2019engendrer de l\u2019\u00e9nergie cin\u00e9tique mais il s\u2019ensuivra un \u00e9nergique freinage pour r\u00e9ussir un arrondi efficace et retrouver la plan\u00e8te en douceur .<\/span><span class=\"mobile-oversized\">\u00a0<\/span><\/p>\t\t\t\t\t\t\t\t<\/div>\n\t\t\t\t\t<\/div>\n\t\t\t\t<\/div>\n\t\t<div class=\"elementor-element elementor-element-bc25e38 e-flex e-con-boxed e-con e-parent\" data-id=\"bc25e38\" data-element_type=\"container\" data-e-type=\"container\">\n\t\t\t\t\t<div class=\"e-con-inner\">\n\t\t\t\t<div class=\"elementor-element elementor-element-2f973c8 elementor-widget-divider--view-line elementor-widget elementor-widget-divider\" data-id=\"2f973c8\" data-element_type=\"widget\" data-e-type=\"widget\" data-widget_type=\"divider.default\">\n\t\t\t\t\t\t\t<div class=\"elementor-divider\">\n\t\t\t<span class=\"elementor-divider-separator\">\n\t\t\t\t\t\t<\/span>\n\t\t<\/div>\n\t\t\t\t\t\t<\/div>\n\t\t\t\t\t<\/div>\n\t\t\t\t<\/div>\n\t\t<div class=\"elementor-element elementor-element-653bfb4 e-flex e-con-boxed e-con e-parent\" data-id=\"653bfb4\" data-element_type=\"container\" data-e-type=\"container\">\n\t\t\t\t\t<div class=\"e-con-inner\">\n\t\t\t\t<div class=\"elementor-element elementor-element-ea972bb elementor-widget elementor-widget-heading\" data-id=\"ea972bb\" data-element_type=\"widget\" data-e-type=\"widget\" data-widget_type=\"heading.default\">\n\t\t\t\t\t<h2 class=\"elementor-heading-title elementor-size-default\">Assurance<\/h2>\t\t\t\t<\/div>\n\t\t\t\t<div class=\"elementor-element elementor-element-40ca291 elementor-widget elementor-widget-text-editor\" data-id=\"40ca291\" data-element_type=\"widget\" data-e-type=\"widget\" data-widget_type=\"text-editor.default\">\n\t\t\t\t\t\t\t\t\t<p class=\"mobile-undersized-upper\"><span style=\"font-size: 15px;\">Comme toute activit\u00e9 sportive de plein air, le parapente n\u2019est pas sans risques. Trente ann\u00e9es de pratique biplace sans accidents et incidents peuvent\u00a0 \u00eatre rassurantes. L\u2019emport d\u2019un parachute de secours\u00a0 est obligatoire, pr\u00e9sentement nous poss\u00e9dons un XDreams biplace dirigeable, rolls des secours.<\/span><\/p><p class=\"mobile-undersized-upper\"><span class=\"mobile-oversized\">N\u00e9anmoins, il est important d\u2019\u00eatre inform\u00e9 des dispositions suivantes et de les accepter par \u00e9crit, formulaire en bas a droite de cette page\u00a0 \u00a0 \u00a0\u00a0<\/span><\/p><p class=\"mobile-undersized-upper\"><span class=\"mobile-oversized\">\u00a0Les passagers des vols biplaces parapente d\u00e9couverte\u00a0 sont assur\u00e9s en individuelle accident:<\/span><\/p><p class=\"mobile-undersized-upper\"><span class=\"mobile-oversized\">&#8211;\u00a0 En cas de d\u00e9c\u00e8s: Versement d&#8217;un capital forfaitaire de 16 000 \u20ac.<\/span><\/p><p class=\"mobile-undersized-upper\"><span class=\"mobile-oversized\">&#8211;\u00a0 En cas d\u2019invalidit\u00e9 permanente totale ou partielle, le capital assur\u00e9 est de 16 000 \u20ac apr\u00e8s application d\u2019une franchise relative de 15% (taux d\u2019incapacit\u00e9 de 16% \u00e0 partir duquel intervient une indemnisation) en cas d\u2019invalidit\u00e9 permanente partielle.<\/span><\/p><p class=\"mobile-undersized-upper\"><span class=\"mobile-oversized\">&#8211; La plupart des assurances couvrant les pr\u00eats courants et immobiliers excluent les activit\u00e9s dites\u00a0 \u201c \u00e0 risques \u201c : escalade, parachutisme, plong\u00e9e sous-marine, saut \u00e0 l&#8217;\u00e9lastique,\u00a0 sp\u00e9l\u00e9ologie, vol libre (ULM, Delta, et donc le Parapente).\u00a0<\/span><\/p>\t\t\t\t\t\t\t\t<\/div>\n\t\t\t\t\t<\/div>\n\t\t\t\t<\/div>\n\t\t\t\t<\/div>\n\t\t","protected":false},"excerpt":{"rendered":"<p>Parapente Quoi de plus grisant que de, tout en pilotant d&#8217;une main en subtil \u00e9quilibre dynamique dans le vent , caresser de l&#8217;autre main les myrtilles, la neige, le sable !! Quoi de plus fantastique que d&#8217;apprivoiser les ascendances thermiques en tournoyant dedans tel un rapace humain, gagner de la hauteur parfois centim\u00e8tres par centim\u00e8tres [&hellip;]<\/p>\n","protected":false},"author":1,"featured_media":0,"parent":0,"menu_order":0,"comment_status":"closed","ping_status":"closed","template":"","meta":{"ocean_post_layout":"","ocean_both_sidebars_style":"","ocean_both_sidebars_content_width":0,"ocean_both_sidebars_sidebars_width":0,"ocean_sidebar":"","ocean_second_sidebar":"","ocean_disable_margins":"enable","ocean_add_body_class":"","ocean_shortcode_before_top_bar":"","ocean_shortcode_after_top_bar":"","ocean_shortcode_before_header":"","ocean_shortcode_after_header":"","ocean_has_shortcode":"","ocean_shortcode_after_title":"","ocean_shortcode_before_footer_widgets":"","ocean_shortcode_after_footer_widgets":"","ocean_shortcode_before_footer_bottom":"","ocean_shortcode_after_footer_bottom":"","ocean_display_top_bar":"default","ocean_display_header":"default","ocean_header_style":"","ocean_center_header_left_menu":"","ocean_custom_header_template":"","ocean_custom_logo":0,"ocean_custom_retina_logo":0,"ocean_custom_logo_max_width":0,"ocean_custom_logo_tablet_max_width":0,"ocean_custom_logo_mobile_max_width":0,"ocean_custom_logo_max_height":0,"ocean_custom_logo_tablet_max_height":0,"ocean_custom_logo_mobile_max_height":0,"ocean_header_custom_menu":"","ocean_menu_typo_font_family":"","ocean_menu_typo_font_subset":"","ocean_menu_typo_font_size":0,"ocean_menu_typo_font_size_tablet":0,"ocean_menu_typo_font_size_mobile":0,"ocean_menu_typo_font_size_unit":"px","ocean_menu_typo_font_weight":"","ocean_menu_typo_font_weight_tablet":"","ocean_menu_typo_font_weight_mobile":"","ocean_menu_typo_transform":"","ocean_menu_typo_transform_tablet":"","ocean_menu_typo_transform_mobile":"","ocean_menu_typo_line_height":0,"ocean_menu_typo_line_height_tablet":0,"ocean_menu_typo_line_height_mobile":0,"ocean_menu_typo_line_height_unit":"","ocean_menu_typo_spacing":0,"ocean_menu_typo_spacing_tablet":0,"ocean_menu_typo_spacing_mobile":0,"ocean_menu_typo_spacing_unit":"","ocean_menu_link_color":"","ocean_menu_link_color_hover":"","ocean_menu_link_color_active":"","ocean_menu_link_background":"","ocean_menu_link_hover_background":"","ocean_menu_link_active_background":"","ocean_menu_social_links_bg":"","ocean_menu_social_hover_links_bg":"","ocean_menu_social_links_color":"","ocean_menu_social_hover_links_color":"","ocean_disable_title":"default","ocean_disable_heading":"default","ocean_post_title":"","ocean_post_subheading":"","ocean_post_title_style":"","ocean_post_title_background_color":"","ocean_post_title_background":0,"ocean_post_title_bg_image_position":"","ocean_post_title_bg_image_attachment":"","ocean_post_title_bg_image_repeat":"","ocean_post_title_bg_image_size":"","ocean_post_title_height":0,"ocean_post_title_bg_overlay":0.5,"ocean_post_title_bg_overlay_color":"","ocean_disable_breadcrumbs":"default","ocean_breadcrumbs_color":"","ocean_breadcrumbs_separator_color":"","ocean_breadcrumbs_links_color":"","ocean_breadcrumbs_links_hover_color":"","ocean_display_footer_widgets":"default","ocean_display_footer_bottom":"default","ocean_custom_footer_template":"","footnotes":""},"class_list":["post-439","page","type-page","status-publish","hentry","entry"],"_links":{"self":[{"href":"https:\/\/emotionsdouces.fr\/index.php\/wp-json\/wp\/v2\/pages\/439","targetHints":{"allow":["GET"]}}],"collection":[{"href":"https:\/\/emotionsdouces.fr\/index.php\/wp-json\/wp\/v2\/pages"}],"about":[{"href":"https:\/\/emotionsdouces.fr\/index.php\/wp-json\/wp\/v2\/types\/page"}],"author":[{"embeddable":true,"href":"https:\/\/emotionsdouces.fr\/index.php\/wp-json\/wp\/v2\/users\/1"}],"replies":[{"embeddable":true,"href":"https:\/\/emotionsdouces.fr\/index.php\/wp-json\/wp\/v2\/comments?post=439"}],"version-history":[{"count":14,"href":"https:\/\/emotionsdouces.fr\/index.php\/wp-json\/wp\/v2\/pages\/439\/revisions"}],"predecessor-version":[{"id":469,"href":"https:\/\/emotionsdouces.fr\/index.php\/wp-json\/wp\/v2\/pages\/439\/revisions\/469"}],"wp:attachment":[{"href":"https:\/\/emotionsdouces.fr\/index.php\/wp-json\/wp\/v2\/media?parent=439"}],"curies":[{"name":"wp","href":"https:\/\/api.w.org\/{rel}","templated":true}]}}